{"id":12,"date":"2022-08-20T10:53:45","date_gmt":"2022-08-20T08:53:45","guid":{"rendered":"https:\/\/elodie-therapies.fr\/?page_id=12"},"modified":"2022-09-09T22:02:16","modified_gmt":"2022-09-09T20:02:16","slug":"home","status":"publish","type":"page","link":"https:\/\/elodie-therapies.fr\/","title":{"rendered":"Accueil"},"content":{"rendered":"\n<div class=\"wp-block-cover alignfull is-light hestia-clear-top-padding\" style=\"min-height:692px;aspect-ratio:unset;\"><span aria-hidden=\"true\" class=\"wp-block-cover__background has-white-background-color has-background-dim-100 has-background-dim\"><\/span><div class=\"wp-block-cover__inner-container is-layout-flow wp-block-cover-is-layout-flow\">\n<h2 class=\"has-text-align-center has-text-color wp-block-heading\" style=\"color:#3c4858\">Commentaires Google<\/h2>\n\n\n\n<hr class=\"wp-block-separator has-text-color has-white-color has-alpha-channel-opacity has-white-background-color has-background is-style-wide\"\/>\n\n\n\n<div class=\"wp-block-columns container is-layout-flex wp-container-core-columns-is-layout-28f84493 wp-block-columns-is-layout-flex\">\n<div class=\"wp-block-column is-layout-flow wp-block-column-is-layout-flow\"><div id=\"pl-gb12-69f0a68e3e1cc\"  class=\"panel-layout\" ><div id=\"pg-gb12-69f0a68e3e1cc-0\"  class=\"panel-grid panel-no-style\" ><div id=\"pgc-gb12-69f0a68e3e1cc-0-0\"  class=\"panel-grid-cell\" ><div id=\"panel-gb12-69f0a68e3e1cc-0-0-0\" class=\"widget_text so-panel widget widget_custom_html panel-first-child panel-last-child\" data-index=\"0\" ><div class=\"textwidget custom-html-widget\"><pre class=\"ti-widget\" style=\"display: none\"><template id=\"trustindex-google-widget-html\"><div class=\"ti-widget ti-goog ti-review-text-mode-readmore ti-text-align-left\" data-no-translation=\"true\" data-layout-id=\"4\" data-layout-category=\"slider\" data-set-id=\"light-background\" data-pid=\"\" data-language=\"fr\" data-review-target-width=\"300\" data-css-version=\"2\" data-review-text-mode=\"readmore\" data-reply-by-locale=\"R\u00e9ponse du propri\u00e9taire\" data-pager-autoplay-timeout=\"6\" > <div class=\"ti-widget-container ti-col-3\"> <div class=\"ti-reviews-container\"> <div class=\"ti-controls\"> <div class=\"ti-next\" aria-label=\"Avis suivante\" role=\"button\"><\/div> <div class=\"ti-prev\" aria-label=\"Avis pr\u00e9c\u00e9dent\" role=\"button\"><\/div> <\/div> <div class=\"ti-reviews-container-wrapper\">  <div data-empty=\"0\" class=\"ti-review-item source-Google ti-image-layout-thumbnail\" data-id=\"cfcd208495d565ef66e7dff9f98764da\" > <div class=\"ti-inner\"> <div class=\"ti-review-header\"> <trustindex-image class=\"ti-platform-icon\" data-imgurl=\"https:\/\/cdn.trustindex.io\/assets\/platform\/Google\/icon.svg\" alt=\"Google\" width=\"20\" height=\"20\" loading=\"lazy\" ><\/trustindex-image> <div class=\"ti-profile-img\"> <trustindex-image data-imgurl=\"https:\/\/lh3.googleusercontent.com\/a\/AItbvmndstBJ5RVfaWVIqyRGixSTjbtK6IT1OivF9keu=w40-h40-c-c-rp-w40-h40-mo-br100\" data-imgurlset=\"https:\/\/lh3.googleusercontent.com\/a\/AItbvmndstBJ5RVfaWVIqyRGixSTjbtK6IT1OivF9keu=w80-h80-c-c-rp-w80-h80-mo-br100 2x\" alt=\"Laetitia vincent\" loading=\"lazy\" ><\/trustindex-image> <\/div> <div class=\"ti-profile-details\"> <div class=\"ti-name\"> Laetitia vincent <\/div> <div class=\"ti-date\">2022-09-09<\/div> <\/div> <\/div> <span class=\"ti-stars\"><trustindex-image class=\"ti-star\" data-imgurl=\"https:\/\/cdn.trustindex.io\/assets\/platform\/Google\/star\/f.svg\" alt=\"Google\" width=\"17\" height=\"17\" loading=\"lazy\" ><\/trustindex-image><trustindex-image class=\"ti-star\" data-imgurl=\"https:\/\/cdn.trustindex.io\/assets\/platform\/Google\/star\/f.svg\" alt=\"Google\" width=\"17\" height=\"17\" loading=\"lazy\" ><\/trustindex-image><trustindex-image class=\"ti-star\" data-imgurl=\"https:\/\/cdn.trustindex.io\/assets\/platform\/Google\/star\/f.svg\" alt=\"Google\" width=\"17\" height=\"17\" loading=\"lazy\" ><\/trustindex-image><trustindex-image class=\"ti-star\" data-imgurl=\"https:\/\/cdn.trustindex.io\/assets\/platform\/Google\/star\/f.svg\" alt=\"Google\" width=\"17\" height=\"17\" loading=\"lazy\" ><\/trustindex-image><trustindex-image class=\"ti-star\" data-imgurl=\"https:\/\/cdn.trustindex.io\/assets\/platform\/Google\/star\/f.svg\" alt=\"Google\" width=\"17\" height=\"17\" loading=\"lazy\" ><\/trustindex-image><span class=\"ti-verified-review ti-verified-platform\"><span class=\"ti-verified-tooltip\">Trustindex v\u00e9rifie que la source originale de l'avis est Google.<\/span><\/span><\/span> <div class=\"ti-review-text-container ti-review-content\"><!-- R-CONTENT -->Que 2 s\u00e9ances pour le moment et d\u00e9j\u00e0 un grand soulagement. Un grand merci et une recommandation \u00e0 100%<!-- R-CONTENT --><\/div> <span class=\"ti-read-more\" data-container=\".ti-review-content\" data-collapse-text=\"Cacher\" data-open-text=\"Lire la suite\" ><\/span> <\/div> <\/div>  <div data-empty=\"0\" class=\"ti-review-item source-Google ti-image-layout-thumbnail\" data-id=\"cfcd208495d565ef66e7dff9f98764da\" > <div class=\"ti-inner\"> <div class=\"ti-review-header\"> <trustindex-image class=\"ti-platform-icon\" data-imgurl=\"https:\/\/cdn.trustindex.io\/assets\/platform\/Google\/icon.svg\" alt=\"Google\" width=\"20\" height=\"20\" loading=\"lazy\" ><\/trustindex-image> <div class=\"ti-profile-img\"> <trustindex-image data-imgurl=\"https:\/\/lh3.googleusercontent.com\/a-\/AFdZucp6S3ZSS-QneyfgYEDhXmzGMDcJ6vEicpJ3cAmlLw=w40-h40-c-c-rp-w40-h40-mo-br100\" data-imgurlset=\"https:\/\/lh3.googleusercontent.com\/a-\/AFdZucp6S3ZSS-QneyfgYEDhXmzGMDcJ6vEicpJ3cAmlLw=w80-h80-c-c-rp-w80-h80-mo-br100 2x\" alt=\"martine marquis\" loading=\"lazy\" ><\/trustindex-image> <\/div> <div class=\"ti-profile-details\"> <div class=\"ti-name\"> martine marquis <\/div> <div class=\"ti-date\">2022-09-05<\/div> <\/div> <\/div> <span class=\"ti-stars\"><trustindex-image class=\"ti-star\" data-imgurl=\"https:\/\/cdn.trustindex.io\/assets\/platform\/Google\/star\/f.svg\" alt=\"Google\" width=\"17\" height=\"17\" loading=\"lazy\" ><\/trustindex-image><trustindex-image class=\"ti-star\" data-imgurl=\"https:\/\/cdn.trustindex.io\/assets\/platform\/Google\/star\/f.svg\" alt=\"Google\" width=\"17\" height=\"17\" loading=\"lazy\" ><\/trustindex-image><trustindex-image class=\"ti-star\" data-imgurl=\"https:\/\/cdn.trustindex.io\/assets\/platform\/Google\/star\/f.svg\" alt=\"Google\" width=\"17\" height=\"17\" loading=\"lazy\" ><\/trustindex-image><trustindex-image class=\"ti-star\" data-imgurl=\"https:\/\/cdn.trustindex.io\/assets\/platform\/Google\/star\/f.svg\" alt=\"Google\" width=\"17\" height=\"17\" loading=\"lazy\" ><\/trustindex-image><trustindex-image class=\"ti-star\" data-imgurl=\"https:\/\/cdn.trustindex.io\/assets\/platform\/Google\/star\/f.svg\" alt=\"Google\" width=\"17\" height=\"17\" loading=\"lazy\" ><\/trustindex-image><span class=\"ti-verified-review ti-verified-platform\"><span class=\"ti-verified-tooltip\">Trustindex v\u00e9rifie que la source originale de l'avis est Google.<\/span><\/span><\/span> <div class=\"ti-review-text-container ti-review-content\"><!-- R-CONTENT -->Multiples probl\u00e8mes r\u00e9solus\nCette dame est exceptionnel m\u00eame magique en deux semaines ma d\u00e9prime qui date depuis 20 ans \u00e0 disparue\nFemme tr\u00e8s accueillante extr\u00eamement gentille\nN h\u00e9sit\u00e9 pas \u00e0 lui faire  confiance\nJe vous la recommande \u00e0 100%\nMme Marquis<!-- R-CONTENT --><\/div> <span class=\"ti-read-more\" data-container=\".ti-review-content\" data-collapse-text=\"Cacher\" data-open-text=\"Lire la suite\" ><\/span> <\/div> <\/div>  <div data-empty=\"0\" class=\"ti-review-item source-Google ti-image-layout-thumbnail\" data-id=\"cfcd208495d565ef66e7dff9f98764da\" > <div class=\"ti-inner\"> <div class=\"ti-review-header\"> <trustindex-image class=\"ti-platform-icon\" data-imgurl=\"https:\/\/cdn.trustindex.io\/assets\/platform\/Google\/icon.svg\" alt=\"Google\" width=\"20\" height=\"20\" loading=\"lazy\" ><\/trustindex-image> <div class=\"ti-profile-img\"> <trustindex-image data-imgurl=\"https:\/\/lh3.googleusercontent.com\/a\/AItbvmnM6uHLcQJm69uUjSwXEWq4O0eYs16kLnNlVlMQ=w40-h40-c-c-rp-w40-h40-mo-br100\" data-imgurlset=\"https:\/\/lh3.googleusercontent.com\/a\/AItbvmnM6uHLcQJm69uUjSwXEWq4O0eYs16kLnNlVlMQ=w80-h80-c-c-rp-w80-h80-mo-br100 2x\" alt=\"Nicolas Muscat\" loading=\"lazy\" ><\/trustindex-image> <\/div> <div class=\"ti-profile-details\"> <div class=\"ti-name\"> Nicolas Muscat <\/div> <div class=\"ti-date\">2022-09-05<\/div> <\/div> <\/div> <span class=\"ti-stars\"><trustindex-image class=\"ti-star\" data-imgurl=\"https:\/\/cdn.trustindex.io\/assets\/platform\/Google\/star\/f.svg\" alt=\"Google\" width=\"17\" height=\"17\" loading=\"lazy\" ><\/trustindex-image><trustindex-image class=\"ti-star\" data-imgurl=\"https:\/\/cdn.trustindex.io\/assets\/platform\/Google\/star\/f.svg\" alt=\"Google\" width=\"17\" height=\"17\" loading=\"lazy\" ><\/trustindex-image><trustindex-image class=\"ti-star\" data-imgurl=\"https:\/\/cdn.trustindex.io\/assets\/platform\/Google\/star\/f.svg\" alt=\"Google\" width=\"17\" height=\"17\" loading=\"lazy\" ><\/trustindex-image><trustindex-image class=\"ti-star\" data-imgurl=\"https:\/\/cdn.trustindex.io\/assets\/platform\/Google\/star\/f.svg\" alt=\"Google\" width=\"17\" height=\"17\" loading=\"lazy\" ><\/trustindex-image><trustindex-image class=\"ti-star\" data-imgurl=\"https:\/\/cdn.trustindex.io\/assets\/platform\/Google\/star\/f.svg\" alt=\"Google\" width=\"17\" height=\"17\" loading=\"lazy\" ><\/trustindex-image><span class=\"ti-verified-review ti-verified-platform\"><span class=\"ti-verified-tooltip\">Trustindex v\u00e9rifie que la source originale de l'avis est Google.<\/span><\/span><\/span> <div class=\"ti-review-text-container ti-review-content\"><!-- R-CONTENT -->Tr\u00e8s bien je recommande.\nUne bonne exp\u00e9rience et un sentiment de mieux !!<!-- R-CONTENT --><\/div> <span class=\"ti-read-more\" data-container=\".ti-review-content\" data-collapse-text=\"Cacher\" data-open-text=\"Lire la suite\" ><\/span> <\/div> <\/div>  <div data-empty=\"0\" class=\"ti-review-item source-Google ti-image-layout-thumbnail\" data-id=\"cfcd208495d565ef66e7dff9f98764da\" > <div class=\"ti-inner\"> <div class=\"ti-review-header\"> <trustindex-image class=\"ti-platform-icon\" data-imgurl=\"https:\/\/cdn.trustindex.io\/assets\/platform\/Google\/icon.svg\" alt=\"Google\" width=\"20\" height=\"20\" loading=\"lazy\" ><\/trustindex-image> <div class=\"ti-profile-img\"> <trustindex-image data-imgurl=\"https:\/\/lh3.googleusercontent.com\/a\/AItbvmnjcxCWMQn5Pmgu1uBjl8WVrbnMKCN6UTVlA37E=w40-h40-c-c-rp-w40-h40-mo-br100\" data-imgurlset=\"https:\/\/lh3.googleusercontent.com\/a\/AItbvmnjcxCWMQn5Pmgu1uBjl8WVrbnMKCN6UTVlA37E=w80-h80-c-c-rp-w80-h80-mo-br100 2x\" alt=\"Lina Rigaut\" loading=\"lazy\" ><\/trustindex-image> <\/div> <div class=\"ti-profile-details\"> <div class=\"ti-name\"> Lina Rigaut <\/div> <div class=\"ti-date\">2022-09-05<\/div> <\/div> <\/div> <span class=\"ti-stars\"><trustindex-image class=\"ti-star\" data-imgurl=\"https:\/\/cdn.trustindex.io\/assets\/platform\/Google\/star\/f.svg\" alt=\"Google\" width=\"17\" height=\"17\" loading=\"lazy\" ><\/trustindex-image><trustindex-image class=\"ti-star\" data-imgurl=\"https:\/\/cdn.trustindex.io\/assets\/platform\/Google\/star\/f.svg\" alt=\"Google\" width=\"17\" height=\"17\" loading=\"lazy\" ><\/trustindex-image><trustindex-image class=\"ti-star\" data-imgurl=\"https:\/\/cdn.trustindex.io\/assets\/platform\/Google\/star\/f.svg\" alt=\"Google\" width=\"17\" height=\"17\" loading=\"lazy\" ><\/trustindex-image><trustindex-image class=\"ti-star\" data-imgurl=\"https:\/\/cdn.trustindex.io\/assets\/platform\/Google\/star\/f.svg\" alt=\"Google\" width=\"17\" height=\"17\" loading=\"lazy\" ><\/trustindex-image><trustindex-image class=\"ti-star\" data-imgurl=\"https:\/\/cdn.trustindex.io\/assets\/platform\/Google\/star\/f.svg\" alt=\"Google\" width=\"17\" height=\"17\" loading=\"lazy\" ><\/trustindex-image><span class=\"ti-verified-review ti-verified-platform\"><span class=\"ti-verified-tooltip\">Trustindex v\u00e9rifie que la source originale de l'avis est Google.<\/span><\/span><\/span> <div class=\"ti-review-text-container ti-review-content\"><!-- R-CONTENT -->Th\u00e9rapeute tr\u00e8s \u00e0 l\u2019\u00e9coute, bon accueil S\u00e9ance id\u00e9al pour r\u00e9duire le stress. Je recommande vivement !<!-- R-CONTENT --><\/div> <span class=\"ti-read-more\" data-container=\".ti-review-content\" data-collapse-text=\"Cacher\" data-open-text=\"Lire la suite\" ><\/span> <\/div> <\/div>  <\/div> <div class=\"ti-controls-line\"> <div class=\"dot\"><\/div> <\/div> <\/div>    <\/div> <\/div> <\/template><\/pre><div data-src=\"https:\/\/cdn.trustindex.io\/loader.js?wp-widget\" data-template-id=\"trustindex-google-widget-html\" data-css-url=\"https:\/\/elodie-therapies.fr\/wp-content\/uploads\/trustindex-google-widget.css?1743404943\"><\/div><\/div><\/div><\/div><\/div><\/div><\/div>\n<\/div>\n\n\n\n<div style=\"height:40px\" aria-hidden=\"true\" class=\"wp-block-spacer\"><\/div>\n<\/div><\/div>\n\n\n\n<div class=\"wp-block-columns container is-layout-flex wp-container-core-columns-is-layout-28f84493 wp-block-columns-is-layout-flex\">\n<div class=\"wp-block-column col-md-5 is-layout-flow wp-block-column-is-layout-flow\">\n<div style=\"height:55px\" aria-hidden=\"true\" class=\"wp-block-spacer\"><\/div>\n\n\n\n<h2 class=\"wp-block-heading\">Les Fascias<\/h2>\n\n\n\n<p>Les <a href=\"https:\/\/elodie-therapies.fr\/index.php\/fasciatherapie\/\" target=\"_blank\" rel=\"noreferrer noopener\">fascias<\/a> sont des membranes plus ou moins \u00e9lastiques qui constituent un r\u00e9seau qui enveloppe et p\u00e9n\u00e8tre les muscles ainsi que les organes.<\/p>\n<\/div>\n\n\n\n<div class=\"wp-block-column col-md-6 col-md-offset1 is-layout-flow wp-block-column-is-layout-flow\">\n<div style=\"height:55px\" aria-hidden=\"true\" class=\"wp-block-spacer\"><\/div>\n\n\n\n<figure class=\"wp-block-image size-full is-resized\"><img loading=\"lazy\" decoding=\"async\" src=\"https:\/\/elodie-therapies.fr\/wp-content\/uploads\/2022\/08\/Fasciathe\u0301rapie-2.png\" alt=\"\" class=\"wp-image-75\" width=\"325\" height=\"250\" srcset=\"https:\/\/elodie-therapies.fr\/wp-content\/uploads\/2022\/08\/Fasciathe\u0301rapie-2.png 707w, https:\/\/elodie-therapies.fr\/wp-content\/uploads\/2022\/08\/Fasciathe\u0301rapie-2-300x231.png 300w\" sizes=\"auto, (max-width: 325px) 100vw, 325px\" \/><\/figure>\n\n\n\n<p><\/p>\n<\/div>\n<\/div>\n","protected":false},"excerpt":{"rendered":"<p>Les Fascias Les fascias sont des membranes plus ou moins \u00e9lastiques qui constituent un r\u00e9seau qui enveloppe et p\u00e9n\u00e8tre les muscles ainsi que les organes.<\/p>\n","protected":false},"author":1,"featured_media":24,"parent":0,"menu_order":0,"comment_status":"closed","ping_status":"closed","template":"","meta":{"footnotes":""},"class_list":["post-12","page","type-page","status-publish","has-post-thumbnail","hentry"],"_links":{"self":[{"href":"https:\/\/elodie-therapies.fr\/index.php\/wp-json\/wp\/v2\/pages\/12","targetHints":{"allow":["GET"]}}],"collection":[{"href":"https:\/\/elodie-therapies.fr\/index.php\/wp-json\/wp\/v2\/pages"}],"about":[{"href":"https:\/\/elodie-therapies.fr\/index.php\/wp-json\/wp\/v2\/types\/page"}],"author":[{"embeddable":true,"href":"https:\/\/elodie-therapies.fr\/index.php\/wp-json\/wp\/v2\/users\/1"}],"replies":[{"embeddable":true,"href":"https:\/\/elodie-therapies.fr\/index.php\/wp-json\/wp\/v2\/comments?post=12"}],"version-history":[{"count":12,"href":"https:\/\/elodie-therapies.fr\/index.php\/wp-json\/wp\/v2\/pages\/12\/revisions"}],"predecessor-version":[{"id":263,"href":"https:\/\/elodie-therapies.fr\/index.php\/wp-json\/wp\/v2\/pages\/12\/revisions\/263"}],"wp:featuredmedia":[{"embeddable":true,"href":"https:\/\/elodie-therapies.fr\/index.php\/wp-json\/wp\/v2\/media\/24"}],"wp:attachment":[{"href":"https:\/\/elodie-therapies.fr\/index.php\/wp-json\/wp\/v2\/media?parent=12"}],"curies":[{"name":"wp","href":"https:\/\/api.w.org\/{rel}","templated":true}]}}