{"id":13,"date":"2022-08-20T10:53:45","date_gmt":"2022-08-20T08:53:45","guid":{"rendered":"https:\/\/elodie-therapies.fr\/?page_id=13"},"modified":"2022-08-31T15:51:41","modified_gmt":"2022-08-31T13:51:41","slug":"contact","status":"publish","type":"page","link":"https:\/\/elodie-therapies.fr\/index.php\/contact\/","title":{"rendered":"Contact"},"content":{"rendered":"\n<div class=\"wp-block-columns alignfull is-layout-flex wp-container-core-columns-is-layout-28f84493 wp-block-columns-is-layout-flex\">\n<div class=\"wp-block-column is-layout-flow wp-block-column-is-layout-flow\">\n<iframe src=\"https:\/\/www.google.com\/maps\/embed?pb=!1m18!1m12!1m3!1d2537.8859274093534!2d2.4948442156911352!3d50.49908079174061!2m3!1f0!2f0!3f0!3m2!1i1024!2i768!4f13.1!3m3!1m2!1s0x47dd1a1a9cc22a8d%3A0x4d6e11df8277b3de!2s21%20Rue%20de%20Denain%2C%2062540%20Marles-les-Mines!5e0!3m2!1sfr!2sfr!4v1661456708870!5m2!1sfr!2sfr\" width=\"1600\" height=\"550\" style=\"border:0;\" allowfullscreen=\"\" loading=\"lazy\" referrerpolicy=\"no-referrer-when-downgrade\"><\/iframe>\n\n\n\n<p><\/p>\n<\/div>\n<\/div>\n\n\n\n<div class=\"wp-block-columns is-layout-flex wp-container-core-columns-is-layout-28f84493 wp-block-columns-is-layout-flex\">\n<div class=\"wp-block-column is-layout-flow wp-block-column-is-layout-flow\" style=\"flex-basis:100%\">\n<div class=\"wp-block-group\"><div class=\"wp-block-group__inner-container is-layout-flow wp-block-group-is-layout-flow\">\n<div class=\"wp-block-columns is-layout-flex wp-container-core-columns-is-layout-28f84493 wp-block-columns-is-layout-flex\">\n<div class=\"wp-block-column is-layout-flow wp-block-column-is-layout-flow\" style=\"flex-basis:100%\">\n<div class=\"wp-block-columns container is-layout-flex wp-container-core-columns-is-layout-28f84493 wp-block-columns-is-layout-flex\">\n<div class=\"wp-block-column is-vertically-aligned-center is-layout-flow wp-block-column-is-layout-flow\">\n<h2 class=\"hestia-title wp-block-heading\">Envoyer un message<\/h2>\n\n\n\n<div style=\"height:40px\" aria-hidden=\"true\" class=\"wp-block-spacer\"><\/div>\n\n\n\n<div class=\"contact-wrapper\">\n\t\t\t\t\t\t\t\t\t\t\t\t\t\t\t\t\t\t\t<div class=\"content\">\n\t\t\t\n\t\t\t  <form>\n\t\t\t   <div class=\"form-group\">\n\t\t\t    <input type=\"text\" id=\"fname\" name=\"lastname\" placeholder=\"Nom..\">\n\t\t\t<\/div>\n\t\t\t<div class=\"form-group\">\n\t\t\t    <input type=\"text\" id=\"lname\" name=\"firstname\" placeholder=\"Prenom..\">\n\t\t\t<\/div>\n\t\t\t<div class=\"form-group\">\n\t\t\t    <textarea id=\"subject\" name=\"subject\" placeholder=\"Ecrivez votre message..\" style=\"height:200px\"><\/textarea>\n\t\t\t<\/div>\n\t\t\t    <input type=\"submit\" value=\"Envoyer\">\n\t\t\t\n\t\t\t  <\/form>\n\t\t\t<\/div>\n\t\t\t<\/div>\n<\/div>\n\n\n\n<div class=\"wp-block-column is-layout-flow wp-block-column-is-layout-flow\" style=\"flex-basis:10px\"><\/div>\n\n\n\n<div class=\"wp-block-column is-vertically-aligned-center is-layout-flow wp-block-column-is-layout-flow\">\n<div class=\"wp-block-columns is-layout-flex wp-container-core-columns-is-layout-28f84493 wp-block-columns-is-layout-flex\">\n<div class=\"wp-block-column is-layout-flow wp-block-column-is-layout-flow\" style=\"flex-basis:299px\">\n<h2 class=\"has-text-align-left hestia-title has-text-color has-medium-font-size wp-block-heading\" style=\"color:#3c4858;text-transform:capitalize\"><a href=\"https:\/\/elodie-therapies.fr\/\" target=\"_blank\" rel=\"noreferrer noopener\">Adresse <\/a>:<\/h2>\n\n\n\n<p class=\"has-text-color\" style=\"color:#823c27;font-size:18px;font-style:normal;font-weight:600\">21 rue de Denain<br>62540 Marles les Mines.  <\/p>\n\n\n\n<h2 class=\"hestia-title has-text-color has-medium-font-size wp-block-heading\" style=\"color:#3c4858;text-transform:capitalize\">T\u00e9l\u00e9phone :<\/h2>\n\n\n\n<p class=\"hestia-title has-text-color\" style=\"color:#823c07;font-size:18px;font-style:normal;font-weight:600;text-transform:capitalize\">Tel : 06.27.53.60.28<\/p>\n\n\n\n<h2 class=\"has-text-color has-medium-font-size wp-block-heading\" style=\"color:#3c4858;text-transform:capitalize\">Email  :<\/h2>\n\n\n\n<p class=\"has-text-color\" style=\"color:#823c07;font-size:18px;font-style:normal;font-weight:600\">elodie.therapies@gmail.com<\/p>\n\n\n\n<div class=\"wp-block-columns is-layout-flex wp-container-core-columns-is-layout-28f84493 wp-block-columns-is-layout-flex\">\n<div class=\"wp-block-column is-layout-flow wp-block-column-is-layout-flow\" style=\"flex-basis:100%\">\n<div class=\"wp-block-columns is-layout-flex wp-container-core-columns-is-layout-28f84493 wp-block-columns-is-layout-flex\">\n<div class=\"wp-block-column is-layout-flow wp-block-column-is-layout-flow\" style=\"flex-basis:100%\"><\/div>\n<\/div>\n<\/div>\n<\/div>\n\n\n\n<h4 class=\"has-text-align-left hestia-title has-text-color has-medium-font-size wp-block-heading\" style=\"color:#3c4858\"><img decoding=\"async\" class=\"wp-image-105\" style=\"width: 25px;\" src=\"https:\/\/elodie-therapies.fr\/wp-content\/themes\/hestia\/assets\/img\/contact3.png\" alt=\"\"><strong>  <\/strong>Heure d&rsquo;ouverture<\/h4>\n\n\n\n<p class=\"has-text-align-left has-text-color\" style=\"color:#823c07;font-size:18px;font-style:normal;font-weight:600\">Du Lundi au Vendredi                            sur Rendez-vous<\/p>\n<\/div>\n\n\n\n<div class=\"wp-block-column is-layout-flow wp-block-column-is-layout-flow\"><\/div>\n<\/div>\n<\/div>\n<\/div>\n<\/div>\n<\/div>\n<\/div><\/div>\n<\/div>\n<\/div>\n\n\n\n<h4 class=\"has-text-align-center has-text-color has-medium-font-size wp-block-heading\" style=\"color:#3c4858;text-transform:uppercase\">Tarifs<\/h4>\n\n\n\n<div class=\"wp-block-columns is-layout-flex wp-container-core-columns-is-layout-28f84493 wp-block-columns-is-layout-flex\">\n<div class=\"wp-block-column is-layout-flow wp-block-column-is-layout-flow\" style=\"flex-basis:100%\">\n<p class=\"has-text-align-center has-text-color has-medium-font-size\" style=\"color:#823c27;font-style:normal;font-weight:600\">Consultation: 60 euros<br>                                       NB: le paiement en esp\u00e8ces est privil\u00e9gi\u00e9 toutefois                                                                                  \u00e0 titre exceptionnel les ch\u00e8ques sont accept\u00e9s (CB non accept\u00e9e)<\/p>\n<\/div>\n<\/div>\n\n\n<div class=\"wp-block-image is-style-rounded\">\n<figure class=\"aligncenter size-thumbnail is-resized\"><img loading=\"lazy\" decoding=\"async\" src=\"https:\/\/elodie-therapies.fr\/wp-content\/uploads\/2022\/08\/Photo-560-ko-contact--150x150.jpg\" alt=\"\" class=\"wp-image-145\" width=\"242\" height=\"242\"\/><figcaption>                                                        <\/figcaption><\/figure>\n<\/div>\n\n\n<h4 class=\"has-text-align-center has-text-color wp-block-heading\" style=\"color:#823c27\"><a href=\"https:\/\/fasciatherapie-france.fr\/annuaire-des-therapeutes\/\" target=\"_blank\" rel=\"noreferrer noopener\">Elodie Blanquart<\/a><\/h4>\n\n\n<div id=\"pl-gb13-69def7ffc0211\"  class=\"panel-layout\" ><div id=\"pg-gb13-69def7ffc0211-0\"  class=\"panel-grid panel-has-style\" ><div class=\"panel-row-style panel-row-style-for-gb13-69def7ffc0211-0\" ><div id=\"pgc-gb13-69def7ffc0211-0-0\"  class=\"panel-grid-cell\" ><\/div><\/div><\/div><\/div>","protected":false},"excerpt":{"rendered":"<p>Envoyer un message Adresse : 21 rue de Denain62540 Marles les Mines. T\u00e9l\u00e9phone : Tel : 06.27.53.60.28 Email : elodie.therapies@gmail.com Heure d&rsquo;ouverture Du Lundi au Vendredi sur Rendez-vous Tarifs Consultation: 60 euros NB: le paiement en esp\u00e8ces est privil\u00e9gi\u00e9 toutefois \u00e0 titre exceptionnel les ch\u00e8ques sont accept\u00e9s (CB non accept\u00e9e) [&hellip;]<\/p>\n","protected":false},"author":1,"featured_media":0,"parent":0,"menu_order":0,"comment_status":"closed","ping_status":"closed","template":"","meta":{"footnotes":""},"class_list":["post-13","page","type-page","status-publish","hentry"],"_links":{"self":[{"href":"https:\/\/elodie-therapies.fr\/index.php\/wp-json\/wp\/v2\/pages\/13","targetHints":{"allow":["GET"]}}],"collection":[{"href":"https:\/\/elodie-therapies.fr\/index.php\/wp-json\/wp\/v2\/pages"}],"about":[{"href":"https:\/\/elodie-therapies.fr\/index.php\/wp-json\/wp\/v2\/types\/page"}],"author":[{"embeddable":true,"href":"https:\/\/elodie-therapies.fr\/index.php\/wp-json\/wp\/v2\/users\/1"}],"replies":[{"embeddable":true,"href":"https:\/\/elodie-therapies.fr\/index.php\/wp-json\/wp\/v2\/comments?post=13"}],"version-history":[{"count":22,"href":"https:\/\/elodie-therapies.fr\/index.php\/wp-json\/wp\/v2\/pages\/13\/revisions"}],"predecessor-version":[{"id":243,"href":"https:\/\/elodie-therapies.fr\/index.php\/wp-json\/wp\/v2\/pages\/13\/revisions\/243"}],"wp:attachment":[{"href":"https:\/\/elodie-therapies.fr\/index.php\/wp-json\/wp\/v2\/media?parent=13"}],"curies":[{"name":"wp","href":"https:\/\/api.w.org\/{rel}","templated":true}]}}