{"id":173,"date":"2022-08-26T15:54:30","date_gmt":"2022-08-26T13:54:30","guid":{"rendered":"https:\/\/elodie-therapies.fr\/?page_id=173"},"modified":"2022-08-31T15:56:08","modified_gmt":"2022-08-31T13:56:08","slug":"naturopathie","status":"publish","type":"page","link":"https:\/\/elodie-therapies.fr\/index.php\/naturopathie\/","title":{"rendered":"NATUROPATHIE"},"content":{"rendered":"<div id=\"pl-gb173-69ef6df2f1bc3\"  class=\"panel-layout\" ><div id=\"pg-gb173-69ef6df2f1bc3-0\"  class=\"panel-grid panel-no-style\" ><div id=\"pgc-gb173-69ef6df2f1bc3-0-0\"  class=\"panel-grid-cell\" ><div id=\"panel-gb173-69ef6df2f1bc3-0-0-0\" class=\"so-panel widget widget_sow-image panel-first-child panel-last-child\" data-index=\"0\" ><div\n\t\t\t\n\t\t\tclass=\"so-widget-sow-image so-widget-sow-image-default-8b5b6f678277-173\"\n\t\t\t\n\t\t>\n<div class=\"sow-image-container\">\n\t\t<img loading=\"lazy\" decoding=\"async\" src=\"https:\/\/elodie-therapies.fr\/wp-content\/uploads\/2022\/08\/Naturopathie-12-1.jpeg\" width=\"1536\" height=\"1024\" srcset=\"https:\/\/elodie-therapies.fr\/wp-content\/uploads\/2022\/08\/Naturopathie-12-1.jpeg 1536w, https:\/\/elodie-therapies.fr\/wp-content\/uploads\/2022\/08\/Naturopathie-12-1-300x200.jpeg 300w, https:\/\/elodie-therapies.fr\/wp-content\/uploads\/2022\/08\/Naturopathie-12-1-1024x683.jpeg 1024w, https:\/\/elodie-therapies.fr\/wp-content\/uploads\/2022\/08\/Naturopathie-12-1-768x512.jpeg 768w, https:\/\/elodie-therapies.fr\/wp-content\/uploads\/2022\/08\/Naturopathie-12-1-360x240.jpeg 360w, https:\/\/elodie-therapies.fr\/wp-content\/uploads\/2022\/08\/Naturopathie-12-1-272x182.jpeg 272w\" sizes=\"auto, (max-width: 1536px) 100vw, 1536px\" title=\"Clean water pouring into the glass next to the stones on the old\" alt=\"\" \t\tclass=\"so-widget-image\"\/>\n\t<\/div>\n\n<\/div><\/div><\/div><div id=\"pgc-gb173-69ef6df2f1bc3-0-1\"  class=\"panel-grid-cell\" ><div id=\"panel-gb173-69ef6df2f1bc3-0-1-0\" class=\"so-panel widget widget_text panel-first-child panel-last-child\" data-index=\"1\" ><div class=\"panel-widget-style panel-widget-style-for-gb173-69ef6df2f1bc3-0-1-0\" >\t\t\t<div class=\"textwidget\"><p><strong>De plus en plus de patients recourent \u00e0 la naturopathie.<\/strong><\/p>\n<p>La <strong>naturopathie<\/strong> vise \u00e0 r\u00e9tablir et optimiser la sant\u00e9 globale du patient ainsi qu \u00e0 aider l&rsquo;organisme \u00e0 s&rsquo;auto-reg\u00e9n\u00e9rer grace \u00e0 des moyens naturels. Elle vise \u00e0 mettre son corps plus en harmonie avec soi-meme et notre environnement.<\/p>\n<p><strong>Quel est le role du naturophate?<\/strong><\/p>\n<p>Le role du <strong>naturopathe<\/strong> est de permettre au patient de retrouver une bonne <a href=\"https:\/\/elodie-therapies.fr\/index.php\/contact\/\" target=\"_blank\" rel=\"noopener\">sant\u00e9<\/a> et de lui donner des conseils d&rsquo;hygi\u00e8ne de vie vitale, dans l&rsquo;optique que le patient conserve sa sant\u00e9 sur du long terme.<\/p>\n<p>&nbsp;<\/p>\n<\/div>\n\t\t<\/div><\/div><\/div><\/div><\/div>\n\n<div id=\"pl-gb173-69ef6df2f30fa\"  class=\"panel-layout\" ><div id=\"pg-gb173-69ef6df2f30fa-0\"  class=\"panel-grid panel-no-style\" ><div id=\"pgc-gb173-69ef6df2f30fa-0-0\"  class=\"panel-grid-cell\" ><div id=\"panel-gb173-69ef6df2f30fa-0-0-0\" class=\"so-panel widget widget_text panel-first-child panel-last-child\" data-index=\"0\" ><div class=\"panel-widget-style panel-widget-style-for-gb173-69ef6df2f30fa-0-0-0\" ><h3 class=\"widget-title\">La naturopathie est indiqu\u00e9e pour :<\/h3>\t\t\t<div class=\"textwidget\"><p>Retrouver l&rsquo;\u00e9quilibre, l&rsquo;\u00e9nergie et le bien etre ( stress, fatigue, burn out etc )<\/p>\n<p>Retrouver un sommeil de qualit\u00e9 ( insomnie, difficult\u00e9 d&rsquo;endormissement &#8230; )<\/p>\n<p>Mieux vivre ses \u00e9motions ( hypersensibilit\u00e9, changement de travail, \u00e9tudes &#8230; )<\/p>\n<p>Mieux dig\u00e9rer ( ballonnement, lourdeurs, gaz, probl\u00e8me de transit intestinal, constipation &#8230; )<\/p>\n<p>Bonne circulation du sang&#8230;<\/p>\n<p>&nbsp;<\/p>\n<p>&nbsp;<\/p>\n<p>&nbsp;<\/p>\n<p>&nbsp;<\/p>\n<\/div>\n\t\t<\/div><\/div><\/div><\/div><\/div>\n\n<div id=\"pl-gb173-69ef6df2f34ae\"  class=\"panel-layout\" ><div id=\"pg-gb173-69ef6df2f34ae-0\"  class=\"panel-grid panel-has-style\" ><div class=\"panel-row-style panel-row-style-for-gb173-69ef6df2f34ae-0\" ><div id=\"pgc-gb173-69ef6df2f34ae-0-0\"  class=\"panel-grid-cell\" ><div id=\"panel-gb173-69ef6df2f34ae-0-0-0\" class=\"so-panel widget widget_text panel-first-child panel-last-child\" data-index=\"0\" ><div class=\"panel-widget-style panel-widget-style-for-gb173-69ef6df2f34ae-0-0-0\" ><h3 class=\"widget-title\">Bienfaits de la naturopathie<\/h3>\t\t\t<div class=\"textwidget\"><p>Elle permet de maintenir le corps en bonne sant\u00e9 aussi bien sur le plan physique que psychique et peut donc pr\u00e9venir les douleurs et autres affections.<br \/>\nLa <a href=\"https:\/\/soleonature.fr\/\" target=\"_blank\" rel=\"noopener\"><strong>naturopathie<\/strong><\/a> est essentielle pour avoir un corps en bonne sant\u00e9.<\/p>\n<p>&nbsp;<\/p>\n<\/div>\n\t\t<\/div><\/div><\/div><div id=\"pgc-gb173-69ef6df2f34ae-0-1\"  class=\"panel-grid-cell\" ><div id=\"panel-gb173-69ef6df2f34ae-0-1-0\" class=\"so-panel widget widget_sow-image panel-first-child panel-last-child\" data-index=\"1\" ><div\n\t\t\t\n\t\t\tclass=\"so-widget-sow-image so-widget-sow-image-default-8b5b6f678277-173\"\n\t\t\t\n\t\t>\n<div class=\"sow-image-container\">\n\t\t<img loading=\"lazy\" decoding=\"async\" src=\"https:\/\/elodie-therapies.fr\/wp-content\/uploads\/2022\/08\/Naturopathie-11-1.jpeg\" width=\"1536\" height=\"1024\" srcset=\"https:\/\/elodie-therapies.fr\/wp-content\/uploads\/2022\/08\/Naturopathie-11-1.jpeg 1536w, https:\/\/elodie-therapies.fr\/wp-content\/uploads\/2022\/08\/Naturopathie-11-1-300x200.jpeg 300w, https:\/\/elodie-therapies.fr\/wp-content\/uploads\/2022\/08\/Naturopathie-11-1-1024x683.jpeg 1024w, https:\/\/elodie-therapies.fr\/wp-content\/uploads\/2022\/08\/Naturopathie-11-1-768x512.jpeg 768w, https:\/\/elodie-therapies.fr\/wp-content\/uploads\/2022\/08\/Naturopathie-11-1-360x240.jpeg 360w, https:\/\/elodie-therapies.fr\/wp-content\/uploads\/2022\/08\/Naturopathie-11-1-272x182.jpeg 272w\" sizes=\"auto, (max-width: 1536px) 100vw, 1536px\" title=\"sacs remplis de feuilles s\u00e9ch\u00e9es de plantes avec leurs utilisa\" alt=\"\" \t\tclass=\"so-widget-image\"\/>\n\t<\/div>\n\n<\/div><\/div><\/div><\/div><\/div><\/div>\n\n<div id=\"pl-gb173-69ef6df2f3d49\"  class=\"panel-layout\" ><div id=\"pg-gb173-69ef6df2f3d49-0\"  class=\"panel-grid panel-no-style\" ><div id=\"pgc-gb173-69ef6df2f3d49-0-0\"  class=\"panel-grid-cell\" ><\/div><\/div><\/div>\n\n<div id=\"pl-gb173-69ef6df2f3f5e\"  class=\"panel-layout\" ><div id=\"pg-gb173-69ef6df2f3f5e-0\"  class=\"panel-grid panel-has-style\" ><div class=\"panel-row-style panel-row-style-for-gb173-69ef6df2f3f5e-0\" ><div id=\"pgc-gb173-69ef6df2f3f5e-0-0\"  class=\"panel-grid-cell\" ><\/div><\/div><\/div><\/div>","protected":false},"excerpt":{"rendered":"<p>De plus en plus de patients recourent \u00e0 la naturopathie. La naturopathie vise \u00e0 r\u00e9tablir et optimiser la sant\u00e9 globale du patient ainsi qu \u00e0 aider l&rsquo;organisme \u00e0 s&rsquo;auto-reg\u00e9n\u00e9rer grace \u00e0 des moyens naturels. Elle vise \u00e0 mettre son corps plus en harmonie avec soi-meme et notre environnement. Quel est [&hellip;]<\/p>\n","protected":false},"author":1,"featured_media":0,"parent":0,"menu_order":0,"comment_status":"closed","ping_status":"closed","template":"page-templates\/template-fullwidth.php","meta":{"footnotes":""},"class_list":["post-173","page","type-page","status-publish","hentry"],"_links":{"self":[{"href":"https:\/\/elodie-therapies.fr\/index.php\/wp-json\/wp\/v2\/pages\/173","targetHints":{"allow":["GET"]}}],"collection":[{"href":"https:\/\/elodie-therapies.fr\/index.php\/wp-json\/wp\/v2\/pages"}],"about":[{"href":"https:\/\/elodie-therapies.fr\/index.php\/wp-json\/wp\/v2\/types\/page"}],"author":[{"embeddable":true,"href":"https:\/\/elodie-therapies.fr\/index.php\/wp-json\/wp\/v2\/users\/1"}],"replies":[{"embeddable":true,"href":"https:\/\/elodie-therapies.fr\/index.php\/wp-json\/wp\/v2\/comments?post=173"}],"version-history":[{"count":6,"href":"https:\/\/elodie-therapies.fr\/index.php\/wp-json\/wp\/v2\/pages\/173\/revisions"}],"predecessor-version":[{"id":246,"href":"https:\/\/elodie-therapies.fr\/index.php\/wp-json\/wp\/v2\/pages\/173\/revisions\/246"}],"wp:attachment":[{"href":"https:\/\/elodie-therapies.fr\/index.php\/wp-json\/wp\/v2\/media?parent=173"}],"curies":[{"name":"wp","href":"https:\/\/api.w.org\/{rel}","templated":true}]}}