{"id":48,"date":"2022-08-20T11:13:31","date_gmt":"2022-08-20T09:13:31","guid":{"rendered":"https:\/\/elodie-therapies.fr\/?page_id=48"},"modified":"2025-03-31T09:17:33","modified_gmt":"2025-03-31T07:17:33","slug":"fasciatherapie","status":"publish","type":"page","link":"https:\/\/elodie-therapies.fr\/index.php\/fasciatherapie\/","title":{"rendered":"Fasciath\u00e9rapie"},"content":{"rendered":"<div id=\"pl-gb48-69ef6e4a36ac7\"  class=\"panel-layout wp-block-siteorigin-panels-layout-block\" ><div id=\"pg-gb48-69ef6e4a36ac7-0\"  class=\"panel-grid panel-no-style\" ><div id=\"pgc-gb48-69ef6e4a36ac7-0-0\"  class=\"panel-grid-cell\" ><\/div><\/div><div id=\"pg-gb48-69ef6e4a36ac7-1\"  class=\"panel-grid panel-no-style\" ><div id=\"pgc-gb48-69ef6e4a36ac7-1-0\"  class=\"panel-grid-cell\" ><div id=\"panel-gb48-69ef6e4a36ac7-1-0-0\" class=\"so-panel widget widget_text panel-first-child panel-last-child\" data-index=\"1\" ><div class=\"panel-widget-style panel-widget-style-for-gb48-69ef6e4a36ac7-1-0-0\" ><h3 class=\"widget-title\">Th\u00e9rapie des fascias pour une meilleure sant\u00e9<\/h3>\t\t\t<div class=\"textwidget\"><p>Ils sont \u00e9galement appel\u00e9s tissus. Ce sont des tissus vitaux qui recouvrent presque tous les organes et les muscles du corps humain.<br \/>\nLes <a href=\"https:\/\/elodie-therapies.fr\/index.php\/posturologie\/\" target=\"_blank\" rel=\"noopener\">fascias<\/a> sont des membranes plus ou moins \u00e9lastiques qui constituent un r\u00e9seau qui enveloppe et p\u00e9n\u00e8tre les muscles ainsi que les organes.<br \/>\nEn travaillant ces membranes par des points d&rsquo;appui plus ou moins profonds, cette approche stimule les capacit\u00e9s d&rsquo;autor\u00e9gulation naturelle de l&rsquo;organisme.<br \/>\nTr\u00e8s \u00e9lastiques, ils sont li\u00e9es \u00e0 toutes nos activit\u00e9s physiques ainsi qu&rsquo;au changement de position.<\/p>\n<p>Au sein de l&rsquo;organisme, les fascias jouent un role tr\u00e8s important. En plus de soutenir les nombreuses structures du corps, ils assurent aussi la communication entre les syst\u00e8mes.<\/p>\n<\/div>\n\t\t<\/div><\/div><\/div><div id=\"pgc-gb48-69ef6e4a36ac7-1-1\"  class=\"panel-grid-cell\" ><div id=\"panel-gb48-69ef6e4a36ac7-1-1-0\" class=\"so-panel widget widget_sow-image panel-first-child panel-last-child\" data-index=\"2\" ><div class=\"panel-widget-style panel-widget-style-for-gb48-69ef6e4a36ac7-1-1-0\" ><div\n\t\t\t\n\t\t\tclass=\"so-widget-sow-image so-widget-sow-image-default-c67d20f9f743-48\"\n\t\t\t\n\t\t>\n<div class=\"sow-image-container\">\n\t\t<img loading=\"lazy\" decoding=\"async\" src=\"https:\/\/elodie-therapies.fr\/wp-content\/uploads\/2022\/08\/Fasciathe\u0301rapie-2-1.png\" width=\"707\" height=\"544\" srcset=\"https:\/\/elodie-therapies.fr\/wp-content\/uploads\/2022\/08\/Fasciathe\u0301rapie-2-1.png 707w, https:\/\/elodie-therapies.fr\/wp-content\/uploads\/2022\/08\/Fasciathe\u0301rapie-2-1-300x231.png 300w\" sizes=\"auto, (max-width: 707px) 100vw, 707px\" title=\"Fasciathe\u0301rapie 2\" alt=\"\" \t\tclass=\"so-widget-image\"\/>\n\t<\/div>\n\n<\/div><\/div><\/div><\/div><\/div><\/div>\n\n<div id=\"pl-gb48-69ef6e4a37fce\"  class=\"panel-layout wp-block-siteorigin-panels-layout-block\" ><div id=\"pg-gb48-69ef6e4a37fce-0\"  class=\"panel-grid panel-no-style\" ><div id=\"pgc-gb48-69ef6e4a37fce-0-0\"  class=\"panel-grid-cell\" ><div id=\"panel-gb48-69ef6e4a37fce-0-0-0\" class=\"so-panel widget widget_sow-image panel-first-child panel-last-child\" data-index=\"0\" ><div class=\"panel-widget-style panel-widget-style-for-gb48-69ef6e4a37fce-0-0-0\" ><div\n\t\t\t\n\t\t\tclass=\"so-widget-sow-image so-widget-sow-image-default-8b5b6f678277-48\"\n\t\t\t\n\t\t>\n<div class=\"sow-image-container\">\n\t\t<img loading=\"lazy\" decoding=\"async\" src=\"https:\/\/elodie-therapies.fr\/wp-content\/uploads\/2022\/08\/Fasciathe\u0301rapie-3-e1661246760323-225x300.jpg\" width=\"225\" height=\"300\" srcset=\"https:\/\/elodie-therapies.fr\/wp-content\/uploads\/2022\/08\/Fasciathe\u0301rapie-3-e1661246760323-225x300.jpg 225w, https:\/\/elodie-therapies.fr\/wp-content\/uploads\/2022\/08\/Fasciathe\u0301rapie-3-e1661246760323.jpg 563w\" sizes=\"auto, (max-width: 225px) 100vw, 225px\" title=\"Fasciathe\u0301rapie 3\" alt=\"\" \t\tclass=\"so-widget-image\"\/>\n\t<\/div>\n\n<\/div><\/div><\/div><\/div><div id=\"pgc-gb48-69ef6e4a37fce-0-1\"  class=\"panel-grid-cell\" ><div id=\"panel-gb48-69ef6e4a37fce-0-1-0\" class=\"so-panel widget widget_text panel-first-child panel-last-child\" data-index=\"1\" ><div class=\"panel-widget-style panel-widget-style-for-gb48-69ef6e4a37fce-0-1-0\" ><h3 class=\"widget-title\">Quel est le role du fasciath\u00e9rapeute?<\/h3>\t\t\t<div class=\"textwidget\"><p>Les principaux r\u00f4les du fasciath\u00e9rapeute est de redonner aux fascias, leur mobilit\u00e9, leur souplesse naturelle par des mouvements de toucher lents et doux et ainsi lib\u00e9rer les muscles endommag\u00e9s ou tendus pour diverses raisons.<br \/>\nLes soins propos\u00e9s par la <a href=\"https:\/\/fasciatherapie-france.fr\/formation-fasciatherapie\/\" target=\"_blank\" rel=\"noopener\">fasciath\u00e9rapie<\/a> concernent toutes les tranches d\u2019\u00e2ges et soigne de nombreuses pathologies. Ils agissent aussi sur le bien-\u00eatre (lib\u00e8re les blocages et permet au corps de restaurer son \u00e9quilibre fonctionnel).<\/p>\n<p>&nbsp;<\/p>\n<\/div>\n\t\t<\/div><\/div><\/div><\/div><\/div>\n\n<div id=\"pl-gb48-69ef6e4a38893\"  class=\"panel-layout wp-block-siteorigin-panels-layout-block\" ><div id=\"pg-gb48-69ef6e4a38893-0\"  class=\"panel-grid panel-no-style\" ><div id=\"pgc-gb48-69ef6e4a38893-0-0\"  class=\"panel-grid-cell\" ><div id=\"panel-gb48-69ef6e4a38893-0-0-0\" class=\"so-panel widget widget_text panel-first-child panel-last-child\" data-index=\"0\" ><div class=\"panel-widget-style panel-widget-style-for-gb48-69ef6e4a38893-0-0-0\" ><h3 class=\"widget-title\">La fasciath\u00e9rapie est indiqu\u00e9e pour :<\/h3>\t\t\t<div class=\"textwidget\"><p>Les personnes anxieuses, situation de stress, de fatigue de d\u00e9pression etc<\/p>\n<p>Des douleurs chroniques comme les lombalgies, les cervicales, l&rsquo;arthrose, la fibromyaglgie, la sciatique<\/p>\n<p>La traumatologie : entorses, pathologies musculaires apr\u00e8s une intervention chirurgicale.<\/p>\n<p>Troubles digestifs<\/p>\n<p>Troubles respiratoires : bronchites, asthme<\/p>\n<p>Les migraines, maux de tete etc<\/p>\n<p><\/p>\n<p><strong>Bienfait de la fasciath\u00e9rapie :<\/strong><\/p>\n<p><\/p>\n<p>La fasciath\u00e9rapie pr\u00e9sente des b\u00e9n\u00e9fices aussi bien pour la sant\u00e9 physique que psychique.<br \/>Pour conclure, la fasciath\u00e9rapie traite en m\u00eame temps les douleurs locales et g\u00e9n\u00e9rales de mani\u00e8re douce, lente et tr\u00e8s efficace rapidement. <br \/>En g\u00e9n\u00e9ral grande am\u00e9lioration apr\u00e8s seulement quelques s\u00e9ances.<\/p>\n<\/div>\n\t\t<\/div><\/div><\/div><div id=\"pgc-gb48-69ef6e4a38893-0-1\"  class=\"panel-grid-cell\" ><div id=\"panel-gb48-69ef6e4a38893-0-1-0\" class=\"so-panel widget widget_media_image panel-first-child panel-last-child\" data-index=\"1\" ><div class=\"panel-widget-style panel-widget-style-for-gb48-69ef6e4a38893-0-1-0\" ><img loading=\"lazy\" decoding=\"async\" width=\"750\" height=\"381\" src=\"https:\/\/elodie-therapies.fr\/wp-content\/uploads\/2022\/08\/Fasciathe\u0301rapie-4-1024x520.png\" class=\"image wp-image-98  attachment-large size-large\" alt=\"\" style=\"max-width: 100%; height: auto;\" srcset=\"https:\/\/elodie-therapies.fr\/wp-content\/uploads\/2022\/08\/Fasciathe\u0301rapie-4-1024x520.png 1024w, https:\/\/elodie-therapies.fr\/wp-content\/uploads\/2022\/08\/Fasciathe\u0301rapie-4-e1661249734820-300x152.png 300w, https:\/\/elodie-therapies.fr\/wp-content\/uploads\/2022\/08\/Fasciathe\u0301rapie-4-e1661249734820-768x390.png 768w, https:\/\/elodie-therapies.fr\/wp-content\/uploads\/2022\/08\/Fasciathe\u0301rapie-4-e1661249734820.png 950w\" sizes=\"auto, (max-width: 750px) 100vw, 750px\" \/><\/div><\/div><\/div><\/div><\/div>\n\n<div id=\"pl-gb48-69ef6e4a3909c\"  class=\"panel-layout wp-block-siteorigin-panels-layout-block\" ><div id=\"pg-gb48-69ef6e4a3909c-0\"  class=\"panel-grid panel-no-style\" ><div id=\"pgc-gb48-69ef6e4a3909c-0-0\"  class=\"panel-grid-cell\" ><\/div><\/div><\/div>\n\n<div id=\"pl-gb48-69ef6e4a3921a\"  class=\"panel-layout wp-block-siteorigin-panels-layout-block\" ><div id=\"pg-gb48-69ef6e4a3921a-0\"  class=\"panel-grid panel-has-style\" ><div class=\"panel-row-style panel-row-style-for-gb48-69ef6e4a3921a-0\" ><div id=\"pgc-gb48-69ef6e4a3921a-0-0\"  class=\"panel-grid-cell\" ><div id=\"panel-gb48-69ef6e4a3921a-0-0-0\" class=\"so-panel widget widget_media_video panel-first-child panel-last-child\" data-index=\"0\" ><div class=\"panel-widget-style panel-widget-style-for-gb48-69ef6e4a3921a-0-0-0\" ><div style=\"width:100%;\" class=\"wp-video\"><video class=\"wp-video-shortcode\" id=\"video-48-1\" preload=\"metadata\" controls=\"controls\"><source type=\"video\/youtube\" src=\"https:\/\/youtu.be\/eNi9U3h2-YI?_=1\" \/><a href=\"https:\/\/youtu.be\/eNi9U3h2-YI\">https:\/\/youtu.be\/eNi9U3h2-YI<\/a><\/video><\/div><\/div><\/div><\/div><\/div><\/div><\/div>","protected":false},"excerpt":{"rendered":"<p>Ils sont \u00e9galement appel\u00e9s tissus. Ce sont des tissus vitaux qui recouvrent presque tous les organes et les muscles du corps humain. Les fascias sont des membranes plus ou moins \u00e9lastiques qui constituent un r\u00e9seau qui enveloppe et p\u00e9n\u00e8tre les muscles ainsi que les organes. En travaillant ces membranes par [&hellip;]<\/p>\n","protected":false},"author":1,"featured_media":0,"parent":0,"menu_order":0,"comment_status":"closed","ping_status":"closed","template":"page-templates\/template-fullwidth.php","meta":{"footnotes":""},"class_list":["post-48","page","type-page","status-publish","hentry"],"_links":{"self":[{"href":"https:\/\/elodie-therapies.fr\/index.php\/wp-json\/wp\/v2\/pages\/48","targetHints":{"allow":["GET"]}}],"collection":[{"href":"https:\/\/elodie-therapies.fr\/index.php\/wp-json\/wp\/v2\/pages"}],"about":[{"href":"https:\/\/elodie-therapies.fr\/index.php\/wp-json\/wp\/v2\/types\/page"}],"author":[{"embeddable":true,"href":"https:\/\/elodie-therapies.fr\/index.php\/wp-json\/wp\/v2\/users\/1"}],"replies":[{"embeddable":true,"href":"https:\/\/elodie-therapies.fr\/index.php\/wp-json\/wp\/v2\/comments?post=48"}],"version-history":[{"count":20,"href":"https:\/\/elodie-therapies.fr\/index.php\/wp-json\/wp\/v2\/pages\/48\/revisions"}],"predecessor-version":[{"id":267,"href":"https:\/\/elodie-therapies.fr\/index.php\/wp-json\/wp\/v2\/pages\/48\/revisions\/267"}],"wp:attachment":[{"href":"https:\/\/elodie-therapies.fr\/index.php\/wp-json\/wp\/v2\/media?parent=48"}],"curies":[{"name":"wp","href":"https:\/\/api.w.org\/{rel}","templated":true}]}}