{"id":51,"date":"2022-08-20T11:15:16","date_gmt":"2022-08-20T09:15:16","guid":{"rendered":"https:\/\/elodie-therapies.fr\/?page_id=51"},"modified":"2022-08-31T15:57:24","modified_gmt":"2022-08-31T13:57:24","slug":"posturologie","status":"publish","type":"page","link":"https:\/\/elodie-therapies.fr\/index.php\/posturologie\/","title":{"rendered":"Posturologie"},"content":{"rendered":"<div id=\"pl-gb51-69e1f07b26fa5\"  class=\"panel-layout\" ><div id=\"pg-gb51-69e1f07b26fa5-0\"  class=\"panel-grid panel-no-style\" ><div id=\"pgc-gb51-69e1f07b26fa5-0-0\"  class=\"panel-grid-cell\" ><div id=\"panel-gb51-69e1f07b26fa5-0-0-0\" class=\"so-panel widget widget_text panel-first-child panel-last-child\" data-index=\"0\" ><div class=\"panel-widget-style panel-widget-style-for-gb51-69e1f07b26fa5-0-0-0\" ><h3 class=\"widget-title\">La Posturologie<\/h3>\t\t\t<div class=\"textwidget\"><p>Compl\u00e9mentaire pour un bien etre optimal.<\/p>\n<p>La <strong>posturologie<\/strong> \u00e9tudie les m\u00e9canismes de gestion de l&rsquo;\u00e9quilibre et de ses dysfonctionnements.<br \/>\nLa posture est un ph\u00e9nom\u00e8ne inconscient, qui se r\u00e9gule de fa\u00e7on automatique afin d\u2019orienter, et de stabiliser le corps dans l&rsquo;espace.<br \/>\nLe maintien de la position debout constitue pour l&rsquo;homme un v\u00e9ritable exploit <strong>neurophysiologique<\/strong>.<br \/>\nUne mauvaise posture est donc plus couteuse en \u00e9nergie et g\u00e8n\u00e8re forc\u00e9ment des contractions musculaires, asym\u00e9triques et g\u00e9n\u00e9ralement douloureuses.<br \/>\nEn cas d&rsquo;informations \u00e9ronn\u00e9es issues des capteurs posturaux ( oreille interne, vision&#8230;) l&rsquo;\u00e9quilibre et la pr\u00e9cision du geste sont d\u00e9natur\u00e9s.<\/p>\n<\/div>\n\t\t<\/div><\/div><\/div><div id=\"pgc-gb51-69e1f07b26fa5-0-1\"  class=\"panel-grid-cell\" ><div id=\"panel-gb51-69e1f07b26fa5-0-1-0\" class=\"so-panel widget widget_sow-image panel-first-child panel-last-child\" data-index=\"1\" ><div class=\"panel-widget-style panel-widget-style-for-gb51-69e1f07b26fa5-0-1-0\" ><div\n\t\t\t\n\t\t\tclass=\"so-widget-sow-image so-widget-sow-image-default-c67d20f9f743-51\"\n\t\t\t\n\t\t>\n<div class=\"sow-image-container\">\n\t\t<img loading=\"lazy\" decoding=\"async\" src=\"https:\/\/elodie-therapies.fr\/wp-content\/uploads\/2022\/08\/Posturologie-5.png\" width=\"484\" height=\"307\" srcset=\"https:\/\/elodie-therapies.fr\/wp-content\/uploads\/2022\/08\/Posturologie-5.png 484w, https:\/\/elodie-therapies.fr\/wp-content\/uploads\/2022\/08\/Posturologie-5-300x190.png 300w\" sizes=\"auto, (max-width: 484px) 100vw, 484px\" title=\"Posturologie 5\" alt=\"\" \t\tclass=\"so-widget-image\"\/>\n\t<\/div>\n\n<\/div><\/div><\/div><\/div><\/div><\/div>\n\n<div id=\"pl-gb51-69e1f07b282fd\"  class=\"panel-layout\" ><div id=\"pg-gb51-69e1f07b282fd-0\"  class=\"panel-grid panel-no-style\" ><div id=\"pgc-gb51-69e1f07b282fd-0-0\"  class=\"panel-grid-cell\" ><\/div><\/div><\/div>\n\n<div id=\"pl-gb51-69e1f07b2846a\"  class=\"panel-layout\" ><div id=\"pg-gb51-69e1f07b2846a-0\"  class=\"panel-grid panel-no-style\" ><div id=\"pgc-gb51-69e1f07b2846a-0-0\"  class=\"panel-grid-cell\" ><div id=\"panel-gb51-69e1f07b2846a-0-0-0\" class=\"so-panel widget widget_text panel-first-child panel-last-child\" data-index=\"0\" ><div class=\"panel-widget-style panel-widget-style-for-gb51-69e1f07b2846a-0-0-0\" ><h3 class=\"widget-title\">Quel est le role du posturologue?<\/h3>\t\t\t<div class=\"textwidget\"><p>Apr\u00e8s avoir examin\u00e9 le patient, le role du <a href=\"https:\/\/elodie-therapies.fr\/index.php\/fasciatherapie\/\" target=\"_blank\" rel=\"noopener\"><strong>posturologue<\/strong><\/a> et de redonner au patient une position proche de la verticalit\u00e9.<br \/>\nGrace aux semelles proprioceptives qui sont compl\u00e8tement diff\u00e9rents des semelles propos\u00e9es habituellement vous allez avoir une reprogrammation <strong>posturale<\/strong> au niveau du cerveau et une lib\u00e9ration des <strong>contractures musculaires<\/strong> parasites du champ magn\u00e9tique.<\/p>\n<\/div>\n\t\t<\/div><\/div><\/div><div id=\"pgc-gb51-69e1f07b2846a-0-1\"  class=\"panel-grid-cell\" ><div id=\"panel-gb51-69e1f07b2846a-0-1-0\" class=\"so-panel widget widget_sow-image panel-first-child panel-last-child\" data-index=\"1\" ><div class=\"panel-widget-style panel-widget-style-for-gb51-69e1f07b2846a-0-1-0\" ><div\n\t\t\t\n\t\t\tclass=\"so-widget-sow-image so-widget-sow-image-default-8b5b6f678277-51\"\n\t\t\t\n\t\t>\n<div class=\"sow-image-container\">\n\t\t<img loading=\"lazy\" decoding=\"async\" src=\"https:\/\/elodie-therapies.fr\/wp-content\/uploads\/2022\/08\/Posturologie-6-e1661518499620.jpg\" width=\"390\" height=\"325\" srcset=\"https:\/\/elodie-therapies.fr\/wp-content\/uploads\/2022\/08\/Posturologie-6-e1661518499620.jpg 390w, https:\/\/elodie-therapies.fr\/wp-content\/uploads\/2022\/08\/Posturologie-6-e1661518499620-300x250.jpg 300w\" sizes=\"auto, (max-width: 390px) 100vw, 390px\" title=\"Posturologie 6\" alt=\"\" \t\tclass=\"so-widget-image\"\/>\n\t<\/div>\n\n<\/div><\/div><\/div><\/div><\/div><\/div>\n\n<div id=\"pl-gb51-69e1f07b28c58\"  class=\"panel-layout\" ><div id=\"pg-gb51-69e1f07b28c58-0\"  class=\"panel-grid panel-no-style\" ><div id=\"pgc-gb51-69e1f07b28c58-0-0\"  class=\"panel-grid-cell\" ><\/div><\/div><\/div>\n\n<div id=\"pl-gb51-69e1f07b28dbb\"  class=\"panel-layout\" ><div id=\"pg-gb51-69e1f07b28dbb-0\"  class=\"panel-grid panel-no-style\" ><div id=\"pgc-gb51-69e1f07b28dbb-0-0\"  class=\"panel-grid-cell\" ><div id=\"panel-gb51-69e1f07b28dbb-0-0-0\" class=\"so-panel widget widget_text panel-first-child panel-last-child\" data-index=\"0\" ><div class=\"panel-widget-style panel-widget-style-for-gb51-69e1f07b28dbb-0-0-0\" ><h3 class=\"widget-title\">La posturologie est indiqu\u00e9e pour :<\/h3>\t\t\t<div class=\"textwidget\"><p>Lombalgies chroniques, sciatiques, hernies discales<br \/>\nPersistances des douleurs apr\u00e8s proth\u00e8ses articulaires<br \/>\nEpines irritatives calcan\u00e9ennes<br \/>\nTendinites r\u00e9cidivantes<br \/>\nVertiges<br \/>\ngenoux<br \/>\nCervicalgies, torticolis&#8230;etc<\/p>\n<p><strong>Les bienfaits :<\/strong><\/p>\n<p>Les <strong>semelles<\/strong> proprioceptives sont tr\u00e8s <strong>b\u00e9n\u00e9fiques<\/strong> contre les pollutions \u00e9lectromagn\u00e9tiques qui sont constamment pr\u00e9sentes (telles que le t\u00e9l\u00e9phone portable, les montres connect\u00e9es, les tablettes, le micro onde ainsi que le r\u00e9seau wi-fi).<\/p>\n<\/div>\n\t\t<\/div><\/div><\/div><div id=\"pgc-gb51-69e1f07b28dbb-0-1\"  class=\"panel-grid-cell\" ><div id=\"panel-gb51-69e1f07b28dbb-0-1-0\" class=\"so-panel widget widget_sow-image panel-first-child panel-last-child\" data-index=\"1\" ><div class=\"panel-widget-style panel-widget-style-for-gb51-69e1f07b28dbb-0-1-0\" ><div\n\t\t\t\n\t\t\tclass=\"so-widget-sow-image so-widget-sow-image-default-8b5b6f678277-51\"\n\t\t\t\n\t\t>\n<div class=\"sow-image-container\">\n\t\t<img loading=\"lazy\" decoding=\"async\" src=\"https:\/\/elodie-therapies.fr\/wp-content\/uploads\/2022\/08\/Posturologie-7.jpg\" width=\"300\" height=\"225\" sizes=\"auto, (max-width: 300px) 100vw, 300px\" title=\"Posturologie 7\" alt=\"\" \t\tclass=\"so-widget-image\"\/>\n\t<\/div>\n\n<\/div><\/div><\/div><\/div><\/div><\/div>\n\n<div id=\"pl-gb51-69e1f07b292f8\"  class=\"panel-layout\" ><div id=\"pg-gb51-69e1f07b292f8-0\"  class=\"panel-grid panel-has-style\" ><div class=\"panel-row-style panel-row-style-for-gb51-69e1f07b292f8-0\" ><div id=\"pgc-gb51-69e1f07b292f8-0-0\"  class=\"panel-grid-cell\" ><\/div><\/div><\/div><\/div>","protected":false},"excerpt":{"rendered":"<p>Compl\u00e9mentaire pour un bien etre optimal. La posturologie \u00e9tudie les m\u00e9canismes de gestion de l&rsquo;\u00e9quilibre et de ses dysfonctionnements. La posture est un ph\u00e9nom\u00e8ne inconscient, qui se r\u00e9gule de fa\u00e7on automatique afin d\u2019orienter, et de stabiliser le corps dans l&rsquo;espace. Le maintien de la position debout constitue pour l&rsquo;homme un [&hellip;]<\/p>\n","protected":false},"author":1,"featured_media":0,"parent":0,"menu_order":0,"comment_status":"closed","ping_status":"closed","template":"page-templates\/template-fullwidth.php","meta":{"footnotes":""},"class_list":["post-51","page","type-page","status-publish","hentry"],"_links":{"self":[{"href":"https:\/\/elodie-therapies.fr\/index.php\/wp-json\/wp\/v2\/pages\/51","targetHints":{"allow":["GET"]}}],"collection":[{"href":"https:\/\/elodie-therapies.fr\/index.php\/wp-json\/wp\/v2\/pages"}],"about":[{"href":"https:\/\/elodie-therapies.fr\/index.php\/wp-json\/wp\/v2\/types\/page"}],"author":[{"embeddable":true,"href":"https:\/\/elodie-therapies.fr\/index.php\/wp-json\/wp\/v2\/users\/1"}],"replies":[{"embeddable":true,"href":"https:\/\/elodie-therapies.fr\/index.php\/wp-json\/wp\/v2\/comments?post=51"}],"version-history":[{"count":6,"href":"https:\/\/elodie-therapies.fr\/index.php\/wp-json\/wp\/v2\/pages\/51\/revisions"}],"predecessor-version":[{"id":247,"href":"https:\/\/elodie-therapies.fr\/index.php\/wp-json\/wp\/v2\/pages\/51\/revisions\/247"}],"wp:attachment":[{"href":"https:\/\/elodie-therapies.fr\/index.php\/wp-json\/wp\/v2\/media?parent=51"}],"curies":[{"name":"wp","href":"https:\/\/api.w.org\/{rel}","templated":true}]}}